{"id":1609,"date":"2023-12-25T11:20:04","date_gmt":"2023-12-25T09:20:04","guid":{"rendered":"https:\/\/www.zerobalancing.ch\/?page_id=1609"},"modified":"2024-09-15T16:55:01","modified_gmt":"2024-09-15T14:55:01","slug":"selbstbehandlung","status":"publish","type":"page","link":"https:\/\/www.zerobalancing.ch\/fr\/kurse\/selbstbehandlung\/","title":{"rendered":"Auto-traitement avec la th\u00e9rapie corporelle Zero Balancing"},"content":{"rendered":"<p class=\"translation-block\">L'objectif de ce cours est de te permettre de <strong>prendre soin de toi-m\u00eame<\/strong>. <strong>Aucune connaissance pr\u00e9alable n'est requise<\/strong>. Apr\u00e8s le s\u00e9minaire, tu seras capable d'appliquer la technique de toucher du Zero Balancing sur toi-m\u00eame.<\/p>\n\n\n\n<p class=\"translation-block\">Le cours s'adresse aussi bien aux th\u00e9rapeutes qu'aux novices. Les client(e)s qui utilisent l'auto-traitement avec le Zero Balancing peuvent <strong>renforcer les effets des s\u00e9ances<\/strong>, quelle que soit la m\u00e9thode utilis\u00e9e par les th\u00e9rapeutes. Ce cours constitue \u00e9galement une excellente introduction pour d\u00e9couvrir les bases du Zero Balancing.<\/p>\n\n\n\n<p>Les exercices se d\u00e9roulent au sol, sur un tapis. Comme toujours en Zero Balancing, le traitement s'effectue sur le corps habill\u00e9. Il est recommand\u00e9 de porter des v\u00eatements confortables. Ceux qui souhaitent utiliser leur propre tapis et appuie-t\u00eate sont invit\u00e9s \u00e0 les apporter.<\/p>\n\n\n\n<p>REMARQUE : Ce cours est reconnu comme une journ\u00e9e de formation continue pour les th\u00e9rapeutes en Zero Balancing.<\/p>\n\n\n\n<p>Les enseignants : <a href=\"https:\/\/www.zerobalancing.ch\/fr\/therapist\/markus-etzensberger\/\">Markus Etzensberger<\/a>, <a href=\"https:\/\/www.zerobalancing.ch\/fr\/therapist\/reto-frischknecht\/\">Reto Frischknecht<\/a><\/p>\n\n\n\n<p><\/p>\n\n\n\n<h2 class=\"wp-block-heading\">Prochains cours d'auto-traitement<\/h2>\n\n\n            <div class=\"post-290 cdt_course type-cdt_course status-publish hentry cdt_course_cat-selbstbehandlung\">\n                <div class=\"cdt-course-header\">\n                    <div>\n                        <strong>\n                            AUTO-TRAITEMENT avec Zero Balancing - 19.5.2026 - chez Apamed                        <\/strong>\n                    <\/div>\n                    <div>\n                        <strong>&gt; D\u00e9tails<\/strong>\n                    <\/div>\n                <\/div>\n                <div class=\"cdt-course-details\">\n                    <div class=\"cdt-course-details-column\">\n                        <p>\n                            <strong>\n                                Directeur de cours                            <\/strong><br>\n                                                            <a href=\"https:\/\/www.zerobalancing.ch\/fr\/therapist\/reto-frischknecht\/\">\n                                    Reto Frischknecht                                <\/a><br>\n                                                        <\/p>\n                        <p>\n                            <strong>\n                                Lieu                            <\/strong><br>\n                                                            <a href=\"https:\/\/www.zerobalancing.ch\/fr\/location\/fachschulen\/\">\n                                    Cours externes de ZB en \u00e9coles sp\u00e9cialis\u00e9es                                <\/a><br>\n                                                        <\/p>\n                        <p>\n                            <strong>\n                                Langues                            <\/strong><br>\n                                                            <span>\n                                    Allemand                                <\/span><br>\n                                                        <\/p>\n                        <p>\n                            <strong>\n                                Conditions pr\u00e9alables                            <\/strong><br>\n                            aucun                        <\/p>\n                        <p>\n                            <strong>\n                                Contenu du cours                            <\/strong><br>\n                                                            <a href=\"https:\/\/www.zerobalancing.ch\/fr\/course-type\/selbstbehandlung\/\">\n                                    Auto-traitement                                <\/a><br>\n                                                        <\/p>\n                    <\/div>\n                    <div class=\"cdt-course-details-column\">\n                        <p>\n                            <strong>\n                                Temps                            <\/strong><br>\n                            https:\/\/www.apamed.ch\/weitere-kurse\/koerperarbeit1\/selbstbehandlung-mit-zero-balancing                        <\/p>\n                        <p>\n                            <strong>\n                                Dur\u00e9e                            <\/strong><br>\n                            1 jour                        <\/p>\n                        <p>\n                            <strong>\n                                Prix                            <\/strong><br>\n                                                    <\/p>\n                        <p>\n                            <strong>\n                                R\u00e9duction                            <\/strong><br>\n                                                    <\/p>\n                        <p>\n                            <strong>\n                                R\u00e9servation anticip\u00e9e                            <\/strong><br>\n                                                    <\/p>\n                        <p>\n                                <div class=\"cdt-modal-label\" data-ajax=\"\/wp-json\/cdt\/v1\/courses\/form?id=290&blogid=1\">S'inscrire maintenant<\/div>\n                            <\/p>\n                    <\/div>\n                <\/div>\n            <\/div>\n                        <div class=\"post-1972 cdt_course type-cdt_course status-publish hentry cdt_course_cat-selbstbehandlung\">\n                <div class=\"cdt-course-header\">\n                    <div>\n                        <strong>\n                            AUTO-TRAITEMENT avec Zero Balancing - 26.09.2026 - \u00e0 Morat - FRAN\u00c7AIS                        <\/strong>\n                    <\/div>\n                    <div>\n                        <strong>&gt; D\u00e9tails<\/strong>\n                    <\/div>\n                <\/div>\n                <div class=\"cdt-course-details\">\n                    <div class=\"cdt-course-details-column\">\n                        <p>\n                            <strong>\n                                Directeur de cours                            <\/strong><br>\n                                                            <a href=\"https:\/\/www.zerobalancing.ch\/fr\/therapist\/markus-etzensberger\/\">\n                                    Markus Etzensberger                                <\/a><br>\n                                                        <\/p>\n                        <p>\n                            <strong>\n                                Lieu                            <\/strong><br>\n                                                            <a href=\"https:\/\/www.zerobalancing.ch\/fr\/location\/murten-morat\/\">\n                                    Morat \/ Murten                                <\/a><br>\n                                                        <\/p>\n                        <p>\n                            <strong>\n                                Langues                            <\/strong><br>\n                                                            <span>\n                                    Fran\u00e7ais                                <\/span><br>\n                                                        <\/p>\n                        <p>\n                            <strong>\n                                Conditions pr\u00e9alables                            <\/strong><br>\n                            aucun                        <\/p>\n                        <p>\n                            <strong>\n                                Contenu du cours                            <\/strong><br>\n                                                            <a href=\"https:\/\/www.zerobalancing.ch\/fr\/course-type\/selbstbehandlung\/\">\n                                    Auto-traitement                                <\/a><br>\n                                                        <\/p>\n                    <\/div>\n                    <div class=\"cdt-course-details-column\">\n                        <p>\n                            <strong>\n                                Temps                            <\/strong><br>\n                            de 9h30 \u00e0 17h00 environ                        <\/p>\n                        <p>\n                            <strong>\n                                Dur\u00e9e                            <\/strong><br>\n                            1 jour                        <\/p>\n                        <p>\n                            <strong>\n                                Prix                            <\/strong><br>\n                            CHF 150.00                        <\/p>\n                        <p>\n                            <strong>\n                                R\u00e9duction                            <\/strong><br>\n                            Membres actifs ZBCH : CHF 135.00                        <\/p>\n                        <p>\n                            <strong>\n                                R\u00e9servation anticip\u00e9e                            <\/strong><br>\n                            jusqu'au 25.06.2026 10% Remise                        <\/p>\n                        <p>\n                                <div class=\"cdt-modal-label\" data-ajax=\"\/wp-json\/cdt\/v1\/courses\/form?id=1972&blogid=1\">S'inscrire maintenant<\/div>\n                            <\/p>\n                    <\/div>\n                <\/div>\n            <\/div>\n                        <div class=\"post-847 cdt_course type-cdt_course status-publish hentry cdt_course_cat-selbstbehandlung\">\n                <div class=\"cdt-course-header\">\n                    <div>\n                        <strong>\n                            AUTO-TRAITEMENT Zero Balancing - 27.09.2026 - \u00e0 Morat - ALLEMAND                        <\/strong>\n                    <\/div>\n                    <div>\n                        <strong>&gt; D\u00e9tails<\/strong>\n                    <\/div>\n                <\/div>\n                <div class=\"cdt-course-details\">\n                    <div class=\"cdt-course-details-column\">\n                        <p>\n                            <strong>\n                                Directeur de cours                            <\/strong><br>\n                                                            <a href=\"https:\/\/www.zerobalancing.ch\/fr\/therapist\/markus-etzensberger\/\">\n                                    Markus Etzensberger                                <\/a><br>\n                                                        <\/p>\n                        <p>\n                            <strong>\n                                Lieu                            <\/strong><br>\n                                                            <a href=\"https:\/\/www.zerobalancing.ch\/fr\/location\/murten-morat\/\">\n                                    Morat \/ Murten                                <\/a><br>\n                                                        <\/p>\n                        <p>\n                            <strong>\n                                Langues                            <\/strong><br>\n                                                            <span>\n                                    Allemand                                <\/span><br>\n                                                        <\/p>\n                        <p>\n                            <strong>\n                                Conditions pr\u00e9alables                            <\/strong><br>\n                            aucun                        <\/p>\n                        <p>\n                            <strong>\n                                Contenu du cours                            <\/strong><br>\n                                                            <a href=\"https:\/\/www.zerobalancing.ch\/fr\/course-type\/selbstbehandlung\/\">\n                                    Auto-traitement                                <\/a><br>\n                                                        <\/p>\n                    <\/div>\n                    <div class=\"cdt-course-details-column\">\n                        <p>\n                            <strong>\n                                Temps                            <\/strong><br>\n                            de 9h30 \u00e0 17h00 environ                        <\/p>\n                        <p>\n                            <strong>\n                                Dur\u00e9e                            <\/strong><br>\n                            1 jour                        <\/p>\n                        <p>\n                            <strong>\n                                Prix                            <\/strong><br>\n                            CHF 150.00                        <\/p>\n                        <p>\n                            <strong>\n                                R\u00e9duction                            <\/strong><br>\n                            Membres actifs ZBCH CHF 135.00                        <\/p>\n                        <p>\n                            <strong>\n                                R\u00e9servation anticip\u00e9e                            <\/strong><br>\n                            jusqu'au 25.06.2026 10% Remise                        <\/p>\n                        <p>\n                                <div class=\"cdt-modal-label\" data-ajax=\"\/wp-json\/cdt\/v1\/courses\/form?id=847&blogid=1\">S'inscrire maintenant<\/div>\n                            <\/p>\n                    <\/div>\n                <\/div>\n            <\/div>\n            \n\n\n\n<hr class=\"wp-block-separator has-alpha-channel-opacity\"\/>\n\n\n\n<h2 class=\"wp-block-heading\">Zero Balancing expliqu\u00e9 aux visiteurs press\u00e9s<\/h2>\n\n\n\n<p>Le Zero Balancing est une th\u00e9rapie corporelle douce, polyvalente et profonde visant \u00e0 harmoniser l'\u00e9nergie et la structure du corps. Le toucher du Zero Balancing pr\u00e9sente une certaine similitude avec l'acupressure, mais l'accent n'est pas mis sur les m\u00e9ridiens, mais sur les os et les articulations. C'est pourquoi le Zero Balancing est \u00e9galement appel\u00e9 acupressure structurelle. Tu obtiendras un aper\u00e7u des principes et des bases th\u00e9oriques du Zero Balancing. Tu apprendras la technique de toucher sp\u00e9cifique du Zero Balancing et comment cr\u00e9er des points d'arr\u00eat (fulcrums) pour \u00e9quilibrer l'\u00e9nergie et la structure.<\/p>","protected":false},"excerpt":{"rendered":"<p>Se faire du bien est l'objectif de ce cours. Aucune connaissance pr\u00e9alable n'est requise. Apr\u00e8s le s\u00e9minaire, tu pourras appliquer la technique de toucher du Zero Balancing sur toi-m\u00eame. Le cours s'adresse aussi bien aux th\u00e9rapeutes qu'aux profanes. Les clients qui utilisent l'auto-traitement par Zero Balancing peuvent renforcer l'effet du traitement, ind\u00e9pendamment du fait que [...].<\/p>","protected":false},"author":3,"featured_media":0,"parent":246,"menu_order":0,"comment_status":"closed","ping_status":"closed","template":"template-white-background.php","meta":{"footnotes":""},"class_list":["post-1609","page","type-page","status-publish","hentry"],"_links":{"self":[{"href":"https:\/\/www.zerobalancing.ch\/fr\/wp-json\/wp\/v2\/pages\/1609","targetHints":{"allow":["GET"]}}],"collection":[{"href":"https:\/\/www.zerobalancing.ch\/fr\/wp-json\/wp\/v2\/pages"}],"about":[{"href":"https:\/\/www.zerobalancing.ch\/fr\/wp-json\/wp\/v2\/types\/page"}],"author":[{"embeddable":true,"href":"https:\/\/www.zerobalancing.ch\/fr\/wp-json\/wp\/v2\/users\/3"}],"replies":[{"embeddable":true,"href":"https:\/\/www.zerobalancing.ch\/fr\/wp-json\/wp\/v2\/comments?post=1609"}],"version-history":[{"count":24,"href":"https:\/\/www.zerobalancing.ch\/fr\/wp-json\/wp\/v2\/pages\/1609\/revisions"}],"predecessor-version":[{"id":2073,"href":"https:\/\/www.zerobalancing.ch\/fr\/wp-json\/wp\/v2\/pages\/1609\/revisions\/2073"}],"up":[{"embeddable":true,"href":"https:\/\/www.zerobalancing.ch\/fr\/wp-json\/wp\/v2\/pages\/246"}],"wp:attachment":[{"href":"https:\/\/www.zerobalancing.ch\/fr\/wp-json\/wp\/v2\/media?parent=1609"}],"curies":[{"name":"wp","href":"https:\/\/api.w.org\/{rel}","templated":true}]}}