{"id":346,"date":"2019-08-19T15:07:03","date_gmt":"2019-08-19T13:07:03","guid":{"rendered":"https:\/\/www.zerobalancing.ch\/?page_id=346"},"modified":"2024-09-15T16:27:11","modified_gmt":"2024-09-15T14:27:11","slug":"info-anlasse","status":"publish","type":"page","link":"https:\/\/www.zerobalancing.ch\/fr\/kurse\/info-anlasse\/","title":{"rendered":"S\u00e9ances d'information"},"content":{"rendered":"<p class=\"translation-block\">Si tu souhaites d\u00e9couvrir le <strong>Zero Balancing<\/strong>, le moyen le plus simple est de t\u2019offrir une s\u00e9ance avec un(e) <a href=\"https:\/\/www.zerobalancing.ch\/fr\/therapeutinnen\/\" data-type=\"page\" data-id=\"13\" target=\"_self\">th\u00e9rapeute<\/a> et de profiter de l'exp\u00e9rience. Une autre option int\u00e9ressante est de b\u00e9n\u00e9ficier d'une s\u00e9ance d'essai lors d'un <strong>salon de la sant\u00e9<\/strong>. Tu trouveras les dates de ces \u00e9v\u00e9nements plus bas sur cette page, et des d\u00e9tails suppl\u00e9mentaires sont disponibles pour chaque lieu.<\/p>\n\n\n\n<p class=\"translation-block\">Si tu veux apprendre \u00e0 utiliser le Zero Balancing pour toi-m\u00eame, le cours <strong><a href=\"https:\/\/www.zerobalancing.ch\/fr\/kurse\/selbstbehandlung\/\" data-type=\"page\" data-id=\"1609\" target=\"_self\">Auto-traitement avec la th\u00e9rapie corporelle Zero Balancing<\/a><\/strong>  te donnera un aper\u00e7u des bases th\u00e9oriques et pratiques du Zero Balancing. \u00c0 la fin du cours, tu seras capable d'appliquer des points d'appui (Fulcrums) sur toi-m\u00eame.<\/p>\n\n\n\n<p class=\"translation-block\">Si tu es int\u00e9ress\u00e9(e) \u00e0 approfondir <strong>ta connaissance du Zero Balancing <\/strong> et que tu envisages d'apprendre cette m\u00e9thode, une <strong>s\u00e9ance d'information <\/strong> est id\u00e9ale. Elle te donnera un premier aper\u00e7u des bases de cette th\u00e9rapie corporelle, du programme des cours, et des exigences pour le cursus de dipl\u00f4me.<\/p>\n\n\n\n<ul class=\"wp-block-list\">\n<li>Origine de Zero Balancing<\/li>\n\n\n\n<li>Les os et les articulations<\/li>\n\n\n\n<li>Le Toucher<\/li>\n\n\n\n<li>La structure et l'\u00e9nergie<\/li>\n\n\n\n<li>Fulcrum \/ Offrir des possibilit\u00e9s<\/li>\n\n\n\n<li>Le d\u00e9roulement d'une s\u00e9ance<\/li>\n\n\n\n<li>La posture en tant que th\u00e9rapeute  <\/li>\n<\/ul>\n\n\n\n<p>La s\u00e9ance d'information se terminera par l'opportunit\u00e9 de ressentir le Zero Balancing sur toi-m\u00eame.<\/p>\n\n\n\n<p>Les enseignants : <a href=\"https:\/\/www.zerobalancing.ch\/fr\/therapist\/markus-etzensberger\/\">Markus Etzensberger<\/a>, <a href=\"https:\/\/www.zerobalancing.ch\/fr\/therapist\/reto-frischknecht\/\">Reto Frischknecht<\/a><\/p>\n\n\n\n<h2 class=\"wp-block-heading\">Prochaines s\u00e9ances d'information<\/h2>\n\n\n            <div class=\"post-1016 cdt_course type-cdt_course status-publish hentry cdt_course_cat-info-anlass\">\n                <div class=\"cdt-course-header\">\n                    <div>\n                        <strong>\n                            S\u00c9ANCE D'INFORMATION - 28.08.2026 - \u00e0 Morat                        <\/strong>\n                    <\/div>\n                    <div>\n                        <strong>&gt; D\u00e9tails<\/strong>\n                    <\/div>\n                <\/div>\n                <div class=\"cdt-course-details\">\n                    <div class=\"cdt-course-details-column\">\n                        <p>\n                            <strong>\n                                Directeur de cours                            <\/strong><br>\n                                                            <a href=\"https:\/\/www.zerobalancing.ch\/fr\/therapist\/markus-etzensberger\/\">\n                                    Markus Etzensberger                                <\/a><br>\n                                                        <\/p>\n                        <p>\n                            <strong>\n                                Lieu                            <\/strong><br>\n                                                            <a href=\"https:\/\/www.zerobalancing.ch\/fr\/location\/murten-morat\/\">\n                                    Morat \/ Murten                                <\/a><br>\n                                                        <\/p>\n                        <p>\n                            <strong>\n                                Langues                            <\/strong><br>\n                                                            <span>\n                                    Allemand                                <\/span><br>\n                                                                <span>\n                                    Fran\u00e7ais                                <\/span><br>\n                                                        <\/p>\n                        <p>\n                            <strong>\n                                Conditions pr\u00e9alables                            <\/strong><br>\n                            aucun                        <\/p>\n                        <p>\n                            <strong>\n                                Contenu du cours                            <\/strong><br>\n                                                            <a href=\"https:\/\/www.zerobalancing.ch\/fr\/course-type\/info-anlass\/\">\n                                    S\u00e9ance d'information                                <\/a><br>\n                                                        <\/p>\n                    <\/div>\n                    <div class=\"cdt-course-details-column\">\n                        <p>\n                            <strong>\n                                Temps                            <\/strong><br>\n                            20 h \u00e0 21 h 30 environ                        <\/p>\n                        <p>\n                            <strong>\n                                Dur\u00e9e                            <\/strong><br>\n                            environ 1h30                        <\/p>\n                        <p>\n                            <strong>\n                                Prix                            <\/strong><br>\n                            gratuit                        <\/p>\n                        <p>\n                            <strong>\n                                R\u00e9duction                            <\/strong><br>\n                                                    <\/p>\n                        <p>\n                            <strong>\n                                R\u00e9servation anticip\u00e9e                            <\/strong><br>\n                                                    <\/p>\n                        <p>\n                                <div class=\"cdt-modal-label\" data-ajax=\"\/wp-json\/cdt\/v1\/courses\/form?id=1016&blogid=1\">S'inscrire maintenant<\/div>\n                            <\/p>\n                    <\/div>\n                <\/div>\n            <\/div>\n            \n\n\n\n<p><\/p>","protected":false},"excerpt":{"rendered":"<p>Si tu veux faire l'exp\u00e9rience du Zero Balancing, le moyen le plus simple est de t'offrir un traitement et d'en profiter. Un traitement d'essai lors d'un salon de la sant\u00e9 est \u00e9galement une bonne possibilit\u00e9. Tu trouveras les dates en bas de cette page et d'autres d\u00e9tails sont d\u00e9crits dans les rubriques \"Lieu\" et \"Lieu de cours\". Si tu veux apprendre \u00e0 utiliser le Zero Balancing [...].<\/p>","protected":false},"author":3,"featured_media":0,"parent":246,"menu_order":0,"comment_status":"closed","ping_status":"closed","template":"template-white-background.php","meta":{"footnotes":""},"class_list":["post-346","page","type-page","status-publish","hentry"],"_links":{"self":[{"href":"https:\/\/www.zerobalancing.ch\/fr\/wp-json\/wp\/v2\/pages\/346","targetHints":{"allow":["GET"]}}],"collection":[{"href":"https:\/\/www.zerobalancing.ch\/fr\/wp-json\/wp\/v2\/pages"}],"about":[{"href":"https:\/\/www.zerobalancing.ch\/fr\/wp-json\/wp\/v2\/types\/page"}],"author":[{"embeddable":true,"href":"https:\/\/www.zerobalancing.ch\/fr\/wp-json\/wp\/v2\/users\/3"}],"replies":[{"embeddable":true,"href":"https:\/\/www.zerobalancing.ch\/fr\/wp-json\/wp\/v2\/comments?post=346"}],"version-history":[{"count":27,"href":"https:\/\/www.zerobalancing.ch\/fr\/wp-json\/wp\/v2\/pages\/346\/revisions"}],"predecessor-version":[{"id":2072,"href":"https:\/\/www.zerobalancing.ch\/fr\/wp-json\/wp\/v2\/pages\/346\/revisions\/2072"}],"up":[{"embeddable":true,"href":"https:\/\/www.zerobalancing.ch\/fr\/wp-json\/wp\/v2\/pages\/246"}],"wp:attachment":[{"href":"https:\/\/www.zerobalancing.ch\/fr\/wp-json\/wp\/v2\/media?parent=346"}],"curies":[{"name":"wp","href":"https:\/\/api.w.org\/{rel}","templated":true}]}}